{"id":41,"date":"2025-02-04T13:25:42","date_gmt":"2025-02-04T13:25:42","guid":{"rendered":"https:\/\/dupontcafe.com\/over-het-bedrijf\/"},"modified":"2025-02-04T15:51:59","modified_gmt":"2025-02-04T15:51:59","slug":"over-het-bedrijf","status":"publish","type":"page","link":"https:\/\/dupontcafe.com\/ro\/over-het-bedrijf\/","title":{"rendered":"Despre companie"},"content":{"rendered":"<p>Pe site-ul nostru ve\u021bi g\u0103si o colec\u021bie vast\u0103 de articole menite s\u0103 v\u0103 informeze \u0219i s\u0103 v\u0103 inspire. Ne concentr\u0103m pe toate aspectele modei: de la cele mai recente tendin\u021be de pe podiumuri p\u00e2n\u0103 la op\u021biuni de \u00eembr\u0103c\u0103minte sustenabil\u0103 \u0219i tot ce se afl\u0103 \u00eentre acestea. Fiecare articol a fost atent selectat pentru a te ajuta s\u0103-\u021bi dezvol\u021bi propriul stil unic \u0219i s\u0103 te sim\u021bi \u00eencrez\u0103toare \u00een ceea ce por\u021bi.<\/p>\n<p><img loading=\"lazy\" decoding=\"async\" class=\"aligncenter wp-image-40 size-full\" src=\"https:\/\/dupontcafe.com\/wp-content\/uploads\/ya-znayu-ya-najdu-to-chto-mne-nravitsya-zdes.jpg\" alt=\"\" width=\"612\" height=\"408\" srcset=\"https:\/\/dupontcafe.com\/wp-content\/uploads\/ya-znayu-ya-najdu-to-chto-mne-nravitsya-zdes.jpg 612w, https:\/\/dupontcafe.com\/wp-content\/uploads\/ya-znayu-ya-najdu-to-chto-mne-nravitsya-zdes-300x200.jpg 300w\" sizes=\"auto, (max-width: 612px) 100vw, 612px\" \/><\/p>\n<h2>La ce s\u0103 v\u0103 a\u0219tepta\u021bi aici<\/h2>\n<p>Blogul nostru ofer\u0103 o gam\u0103 variat\u0103 de subiecte \u0219i surse de inspira\u021bie. Mai jos ve\u021bi g\u0103si o selec\u021bie a ceea ce avem de oferit:<\/p>\n<ul>\n<li>Cele mai noi tendin\u021be \u0219i cum s\u0103 le integrezi \u00een propriul stil<\/li>\n<li>Ghiduri pentru combinarea culorilor \u0219i modelelor<\/li>\n<li>Sfaturi pentru a g\u0103si haine sustenabile \u0219i etice<\/li>\n<li>Pove\u0219ti inspira\u021bionale de la icoane \u0219i designeri de mod\u0103<\/li>\n<li>Sfaturi practice pentru diferite ocazii \u0219i anotimpuri<\/li>\n<\/ul>\n<h2>Contacta\u0163i-ne<\/h2>\n<p>Apreciem foarte mult p\u0103rerea cititorilor no\u0219tri! Ave\u021bi \u00eentreb\u0103ri, sugestii sau pur \u0219i simplu dori\u021bi s\u0103 ne \u00eemp\u0103rt\u0103\u0219i\u021bi g\u00e2ndurile dumneavoastr\u0103? Trimite\u021bi-ne un e-mail prin <a href=\"mailto:info@dupontcafe.com\">info@dupontcafe.com<\/a>. Suntem \u00eentotdeauna deschi\u0219i la feedback \u0219i idei pentru a ne \u00eembun\u0103t\u0103\u021bi blogul.<\/p>\n<p>V\u0103 mul\u021bumim pentru interes \u0219i v\u0103 dorim o lectur\u0103 pl\u0103cut\u0103 pe blogul nostru!<\/p>","protected":false},"excerpt":{"rendered":"<p>Op onze website vind je een brede collectie aan artikelen die zijn ontworpen om je te informeren en te inspireren. We richten ons op alle aspecten&#46;&#46;&#46;<\/p>","protected":false},"author":1,"featured_media":0,"parent":0,"menu_order":0,"comment_status":"closed","ping_status":"closed","template":"","meta":{"_acf_changed":false,"footnotes":""},"class_list":["post-41","page","type-page","status-publish","hentry"],"acf":[],"yoast_head":"<!-- This site is optimized with the Yoast SEO plugin v23.2 - https:\/\/yoast.com\/wordpress\/plugins\/seo\/ -->\n<title>Over het bedrijf - dupontcafe.com<\/title>\n<meta name=\"description\" content=\"Ontdek de laatste mode-inzichten, trends en tips op onze blog. Lees over duurzame kleding, stylingadvies en inspirerende modeverhalen\" \/>\n<meta name=\"robots\" content=\"index, follow, max-snippet:-1, max-image-preview:large, max-video-preview:-1\" \/>\n<link rel=\"canonical\" href=\"https:\/\/dupontcafe.com\/ro\/over-het-bedrijf\/\" \/>\n<meta property=\"og:locale\" content=\"ro_RO\" \/>\n<meta property=\"og:type\" content=\"article\" \/>\n<meta property=\"og:title\" content=\"Over het bedrijf - dupontcafe.com\" \/>\n<meta property=\"og:description\" content=\"Ontdek de laatste mode-inzichten, trends en tips op onze blog. Lees over duurzame kleding, stylingadvies en inspirerende modeverhalen\" \/>\n<meta property=\"og:url\" content=\"https:\/\/dupontcafe.com\/ro\/over-het-bedrijf\/\" \/>\n<meta property=\"og:site_name\" content=\"dupontcafe.com\" \/>\n<meta property=\"article:modified_time\" content=\"2025-02-04T15:51:59+00:00\" \/>\n<meta property=\"og:image\" content=\"https:\/\/dupontcafe.com\/wp-content\/uploads\/ya-znayu-ya-najdu-to-chto-mne-nravitsya-zdes.jpg\" \/>\n<meta name=\"twitter:card\" content=\"summary_large_image\" \/>\n<meta name=\"twitter:label1\" content=\"Timp estimat pentru citire\" \/>\n\t<meta name=\"twitter:data1\" content=\"2 minute\" \/>\n<script type=\"application\/ld+json\" class=\"yoast-schema-graph\">{\"@context\":\"https:\/\/schema.org\",\"@graph\":[{\"@type\":\"WebPage\",\"@id\":\"https:\/\/dupontcafe.com\/over-het-bedrijf\/\",\"url\":\"https:\/\/dupontcafe.com\/over-het-bedrijf\/\",\"name\":\"Over het bedrijf - dupontcafe.com\",\"isPartOf\":{\"@id\":\"https:\/\/dupontcafe.com\/#website\"},\"primaryImageOfPage\":{\"@id\":\"https:\/\/dupontcafe.com\/over-het-bedrijf\/#primaryimage\"},\"image\":{\"@id\":\"https:\/\/dupontcafe.com\/over-het-bedrijf\/#primaryimage\"},\"thumbnailUrl\":\"https:\/\/dupontcafe.com\/wp-content\/uploads\/ya-znayu-ya-najdu-to-chto-mne-nravitsya-zdes.jpg\",\"datePublished\":\"2025-02-04T13:25:42+00:00\",\"dateModified\":\"2025-02-04T15:51:59+00:00\",\"description\":\"Ontdek de laatste mode-inzichten, trends en tips op onze blog. Lees over duurzame kleding, stylingadvies en inspirerende modeverhalen\",\"breadcrumb\":{\"@id\":\"https:\/\/dupontcafe.com\/over-het-bedrijf\/#breadcrumb\"},\"inLanguage\":\"ro-RO\",\"potentialAction\":[{\"@type\":\"ReadAction\",\"target\":[\"https:\/\/dupontcafe.com\/over-het-bedrijf\/\"]}]},{\"@type\":\"ImageObject\",\"inLanguage\":\"ro-RO\",\"@id\":\"https:\/\/dupontcafe.com\/over-het-bedrijf\/#primaryimage\",\"url\":\"https:\/\/dupontcafe.com\/wp-content\/uploads\/ya-znayu-ya-najdu-to-chto-mne-nravitsya-zdes.jpg\",\"contentUrl\":\"https:\/\/dupontcafe.com\/wp-content\/uploads\/ya-znayu-ya-najdu-to-chto-mne-nravitsya-zdes.jpg\"},{\"@type\":\"BreadcrumbList\",\"@id\":\"https:\/\/dupontcafe.com\/over-het-bedrijf\/#breadcrumb\",\"itemListElement\":[{\"@type\":\"ListItem\",\"position\":1,\"name\":\"Home\",\"item\":\"https:\/\/dupontcafe.com\/\"},{\"@type\":\"ListItem\",\"position\":2,\"name\":\"Over het bedrijf\"}]},{\"@type\":\"WebSite\",\"@id\":\"https:\/\/dupontcafe.com\/#website\",\"url\":\"https:\/\/dupontcafe.com\/\",\"name\":\"dupontcafe.com\",\"description\":\"Jouw creatieve modeplatform\",\"potentialAction\":[{\"@type\":\"SearchAction\",\"target\":{\"@type\":\"EntryPoint\",\"urlTemplate\":\"https:\/\/dupontcafe.com\/?s={search_term_string}\"},\"query-input\":\"required name=search_term_string\"}],\"inLanguage\":\"ro-RO\"}]}<\/script>\n<!-- \/ Yoast SEO plugin. -->","yoast_head_json":{"title":"Over het bedrijf - dupontcafe.com","description":"Ontdek de laatste mode-inzichten, trends en tips op onze blog. Lees over duurzame kleding, stylingadvies en inspirerende modeverhalen","robots":{"index":"index","follow":"follow","max-snippet":"max-snippet:-1","max-image-preview":"max-image-preview:large","max-video-preview":"max-video-preview:-1"},"canonical":"https:\/\/dupontcafe.com\/ro\/over-het-bedrijf\/","og_locale":"ro_RO","og_type":"article","og_title":"Over het bedrijf - dupontcafe.com","og_description":"Ontdek de laatste mode-inzichten, trends en tips op onze blog. Lees over duurzame kleding, stylingadvies en inspirerende modeverhalen","og_url":"https:\/\/dupontcafe.com\/ro\/over-het-bedrijf\/","og_site_name":"dupontcafe.com","article_modified_time":"2025-02-04T15:51:59+00:00","og_image":[{"url":"https:\/\/dupontcafe.com\/wp-content\/uploads\/ya-znayu-ya-najdu-to-chto-mne-nravitsya-zdes.jpg"}],"twitter_card":"summary_large_image","twitter_misc":{"Timp estimat pentru citire":"2 minute"},"schema":{"@context":"https:\/\/schema.org","@graph":[{"@type":"WebPage","@id":"https:\/\/dupontcafe.com\/over-het-bedrijf\/","url":"https:\/\/dupontcafe.com\/over-het-bedrijf\/","name":"Over het bedrijf - dupontcafe.com","isPartOf":{"@id":"https:\/\/dupontcafe.com\/#website"},"primaryImageOfPage":{"@id":"https:\/\/dupontcafe.com\/over-het-bedrijf\/#primaryimage"},"image":{"@id":"https:\/\/dupontcafe.com\/over-het-bedrijf\/#primaryimage"},"thumbnailUrl":"https:\/\/dupontcafe.com\/wp-content\/uploads\/ya-znayu-ya-najdu-to-chto-mne-nravitsya-zdes.jpg","datePublished":"2025-02-04T13:25:42+00:00","dateModified":"2025-02-04T15:51:59+00:00","description":"Ontdek de laatste mode-inzichten, trends en tips op onze blog. Lees over duurzame kleding, stylingadvies en inspirerende modeverhalen","breadcrumb":{"@id":"https:\/\/dupontcafe.com\/over-het-bedrijf\/#breadcrumb"},"inLanguage":"ro-RO","potentialAction":[{"@type":"ReadAction","target":["https:\/\/dupontcafe.com\/over-het-bedrijf\/"]}]},{"@type":"ImageObject","inLanguage":"ro-RO","@id":"https:\/\/dupontcafe.com\/over-het-bedrijf\/#primaryimage","url":"https:\/\/dupontcafe.com\/wp-content\/uploads\/ya-znayu-ya-najdu-to-chto-mne-nravitsya-zdes.jpg","contentUrl":"https:\/\/dupontcafe.com\/wp-content\/uploads\/ya-znayu-ya-najdu-to-chto-mne-nravitsya-zdes.jpg"},{"@type":"BreadcrumbList","@id":"https:\/\/dupontcafe.com\/over-het-bedrijf\/#breadcrumb","itemListElement":[{"@type":"ListItem","position":1,"name":"Home","item":"https:\/\/dupontcafe.com\/"},{"@type":"ListItem","position":2,"name":"Over het bedrijf"}]},{"@type":"WebSite","@id":"https:\/\/dupontcafe.com\/#website","url":"https:\/\/dupontcafe.com\/","name":"dupontcafe.com","description":"Jouw creatieve modeplatform","potentialAction":[{"@type":"SearchAction","target":{"@type":"EntryPoint","urlTemplate":"https:\/\/dupontcafe.com\/?s={search_term_string}"},"query-input":"required name=search_term_string"}],"inLanguage":"ro-RO"}]}},"yoast_meta":{"yoast_wpseo_title":"","yoast_wpseo_metadesc":"","yoast_wpseo_canonical":"https:\/\/dupontcafe.com\/ro\/wp-json\/wp\/v2\/pages\/41"},"_links":{"self":[{"href":"https:\/\/dupontcafe.com\/ro\/wp-json\/wp\/v2\/pages\/41","targetHints":{"allow":["GET"]}}],"collection":[{"href":"https:\/\/dupontcafe.com\/ro\/wp-json\/wp\/v2\/pages"}],"about":[{"href":"https:\/\/dupontcafe.com\/ro\/wp-json\/wp\/v2\/types\/page"}],"author":[{"embeddable":true,"href":"https:\/\/dupontcafe.com\/ro\/wp-json\/wp\/v2\/users\/1"}],"replies":[{"embeddable":true,"href":"https:\/\/dupontcafe.com\/ro\/wp-json\/wp\/v2\/comments?post=41"}],"version-history":[{"count":1,"href":"https:\/\/dupontcafe.com\/ro\/wp-json\/wp\/v2\/pages\/41\/revisions"}],"predecessor-version":[{"id":49,"href":"https:\/\/dupontcafe.com\/ro\/wp-json\/wp\/v2\/pages\/41\/revisions\/49"}],"wp:attachment":[{"href":"https:\/\/dupontcafe.com\/ro\/wp-json\/wp\/v2\/media?parent=41"}],"curies":[{"name":"wp","href":"https:\/\/api.w.org\/{rel}","templated":true}]}}